{"id":5,"date":"2016-06-01T09:01:39","date_gmt":"2016-06-01T09:01:39","guid":{"rendered":"http:\/\/bridge44.qodeinteractive.com\/?page_id=5"},"modified":"2016-06-29T01:00:28","modified_gmt":"2016-06-29T00:00:28","slug":"accueil-barbecue","status":"publish","type":"page","link":"https:\/\/barbecute.fr\/","title":{"rendered":"Home"},"content":{"rendered":"<p>[vc_row row_type=\u00a0\u00bbrow\u00a0\u00bb use_row_as_full_screen_section=\u00a0\u00bbyes\u00a0\u00bb type=\u00a0\u00bbfull_width\u00a0\u00bb header_style=\u00a0\u00bblight\u00a0\u00bb anchor=\u00a0\u00bbintro\u00a0\u00bb angled_section=\u00a0\u00bbno\u00a0\u00bb text_align=\u00a0\u00bbleft\u00a0\u00bb background_image=\u00a0\u00bb142&Prime; background_image_as_pattern=\u00a0\u00bbwithout_pattern\u00a0\u00bb css_animation=\u00a0\u00bb\u00a0\u00bb el_id=\u00a0\u00bbIntro\u00a0\u00bb][vc_column][qode_elements_holder number_of_columns=\u00a0\u00bbone_column\u00a0\u00bb][qode_elements_holder_item item_padding=\u00a0\u00bb0 0 5% 0&Prime; vertical_alignment=\u00a0\u00bbmiddle\u00a0\u00bb advanced_animations=\u00a0\u00bbno\u00a0\u00bb][vc_empty_space height=\u00a0\u00bb75px\u00a0\u00bb][vc_single_image image=\u00a0\u00bb162&Prime; img_size=\u00a0\u00bbfull\u00a0\u00bb alignment=\u00a0\u00bbcenter\u00a0\u00bb qode_css_animation=\u00a0\u00bbelement_from_top\u00a0\u00bb transition_delay=\u00a0\u00bb2&Prime;][vc_empty_space height=\u00a0\u00bb33px\u00a0\u00bb][vc_single_image image=\u00a0\u00bb164&Prime; img_size=\u00a0\u00bbfull\u00a0\u00bb alignment=\u00a0\u00bbcenter\u00a0\u00bb qode_css_animation=\u00a0\u00bbelement_from_bottom\u00a0\u00bb transition_delay=\u00a0\u00bb2&Prime;][vc_empty_space height=\u00a0\u00bb300px\u00a0\u00bb][\/qode_elements_holder_item][\/qode_elements_holder][\/vc_column][\/vc_row][vc_row row_type=\u00a0\u00bbrow\u00a0\u00bb use_row_as_full_screen_section=\u00a0\u00bbno\u00a0\u00bb type=\u00a0\u00bbgrid\u00a0\u00bb header_style=\u00a0\u00bblight\u00a0\u00bb anchor=\u00a0\u00bbfeatures\u00a0\u00bb angled_section=\u00a0\u00bbno\u00a0\u00bb text_align=\u00a0\u00bbcenter\u00a0\u00bb background_image_as_pattern=\u00a0\u00bbwithout_pattern\u00a0\u00bb css_animation=\u00a0\u00bb\u00a0\u00bb css=\u00a0\u00bb.vc_custom_1466604774537{padding-top: 124px !important;}\u00a0\u00bb el_id=\u00a0\u00bbavantages\u00a0\u00bb][vc_column][vc_column_text]<\/p>\n<h3>Les points forts<\/h3>\n<p>[\/vc_column_text][vc_empty_space height=\u00a0\u00bb23px\u00a0\u00bb][vc_column_text]<\/p>\n<h4>Pourquoi utiliser barbecute?<\/h4>\n<p>[\/vc_column_text][\/vc_column][\/vc_row][vc_row row_type=\u00a0\u00bbrow\u00a0\u00bb use_row_as_full_screen_section=\u00a0\u00bbno\u00a0\u00bb type=\u00a0\u00bbgrid\u00a0\u00bb header_style=\u00a0\u00bblight\u00a0\u00bb angled_section=\u00a0\u00bbno\u00a0\u00bb text_align=\u00a0\u00bbcenter\u00a0\u00bb background_image_as_pattern=\u00a0\u00bbwithout_pattern\u00a0\u00bb css_animation=\u00a0\u00bb\u00a0\u00bb css=\u00a0\u00bb.vc_custom_1466604786678{padding-top: 83px !important;padding-bottom: 74px !important;}\u00a0\u00bb][vc_column width=\u00a0\u00bb1\/2&Prime; offset=\u00a0\u00bbvc_col-lg-3 vc_col-md-3&Prime;]<div class='image_hover ' style='' data-transition-delay=''><div class='images_holder'><img itemprop='image' class='active_image ' src='https:\/\/i0.wp.com\/barbecute.fr\/wp-content\/uploads\/2016\/06\/icon-1.png?w=1060&#038;ssl=1' alt='' style='' data-recalc-dims=\"1\" \/><img itemprop='image' class='hover_image' src='https:\/\/i0.wp.com\/barbecute.fr\/wp-content\/uploads\/2016\/06\/icon-1b.png?w=1060&#038;ssl=1' alt='' style='' data-recalc-dims=\"1\" \/><\/div><\/div>[vc_empty_space height=\u00a0\u00bb35px\u00a0\u00bb][vc_column_text]<\/p>\n<h4>Rapide<\/h4>\n<p>[\/vc_column_text][vc_empty_space height=\u00a0\u00bb26px\u00a0\u00bb][vc_column_text]Son syst\u00e8me de chauffe rapide lui permet d&rsquo;\u00eatre pr\u00eat en 3 minutes chrono![\/vc_column_text][vc_empty_space height=\u00a0\u00bb53px\u00a0\u00bb][\/vc_column][vc_column width=\u00a0\u00bb1\/2&Prime; offset=\u00a0\u00bbvc_col-lg-3 vc_col-md-3&Prime;]<div class='image_hover ' style='' data-transition-delay=''><div class='images_holder'><img itemprop='image' class='active_image ' src='https:\/\/i0.wp.com\/barbecute.fr\/wp-content\/uploads\/2016\/06\/icon-2.png?w=1060&#038;ssl=1' alt='' style='' data-recalc-dims=\"1\" \/><img itemprop='image' class='hover_image' src='https:\/\/i0.wp.com\/barbecute.fr\/wp-content\/uploads\/2016\/06\/icon-2b.png?w=1060&#038;ssl=1' alt='' style='' data-recalc-dims=\"1\" \/><\/div><\/div>[vc_empty_space height=\u00a0\u00bb35px\u00a0\u00bb][vc_column_text]<\/p>\n<h4>Cuisson saine<\/h4>\n<p>[\/vc_column_text][vc_empty_space height=\u00a0\u00bb26px\u00a0\u00bb][vc_column_text]Les graisses ne tombent pas sur le charbon, ce qui \u00e9vite le renvoi de fum\u00e9es toxiques.[\/vc_column_text][vc_empty_space height=\u00a0\u00bb53px\u00a0\u00bb][\/vc_column][vc_column width=\u00a0\u00bb1\/2&Prime; offset=\u00a0\u00bbvc_col-lg-3 vc_col-md-3&Prime;]<div class='image_hover ' style='' data-transition-delay=''><div class='images_holder'><img itemprop='image' class='active_image ' src='https:\/\/i0.wp.com\/barbecute.fr\/wp-content\/uploads\/2016\/06\/icon-3.png?w=1060&#038;ssl=1' alt='' style='' data-recalc-dims=\"1\" \/><img itemprop='image' class='hover_image' src='https:\/\/i0.wp.com\/barbecute.fr\/wp-content\/uploads\/2016\/06\/icon-3b.png?w=1060&#038;ssl=1' alt='' style='' data-recalc-dims=\"1\" \/><\/div><\/div>[vc_empty_space height=\u00a0\u00bb35px\u00a0\u00bb][vc_column_text]<\/p>\n<h4>Fonctionne \u00e0 piles<\/h4>\n<p>[\/vc_column_text][vc_empty_space height=\u00a0\u00bb26px\u00a0\u00bb][vc_column_text]4 piles AA suffisent. Vous pourrez donc l&#8217;emmener o\u00f9 bon vous semble![\/vc_column_text][vc_empty_space height=\u00a0\u00bb53px\u00a0\u00bb][\/vc_column][vc_column width=\u00a0\u00bb1\/2&Prime; offset=\u00a0\u00bbvc_col-lg-3 vc_col-md-3&Prime;]<div class='image_hover ' style='' data-transition-delay=''><div class='images_holder'><img itemprop='image' class='active_image ' src='https:\/\/i0.wp.com\/barbecute.fr\/wp-content\/uploads\/2016\/06\/icon-4.png?w=1060&#038;ssl=1' alt='' style='' data-recalc-dims=\"1\" \/><img itemprop='image' class='hover_image' src='https:\/\/i0.wp.com\/barbecute.fr\/wp-content\/uploads\/2016\/06\/icon-4b.png?w=1060&#038;ssl=1' alt='' style='' data-recalc-dims=\"1\" \/><\/div><\/div>[vc_empty_space height=\u00a0\u00bb35px\u00a0\u00bb][vc_column_text]<\/p>\n<h4>Convivialit\u00e9<\/h4>\n<p>[\/vc_column_text][vc_empty_space height=\u00a0\u00bb26px\u00a0\u00bb][vc_column_text]D&rsquo;une capacit\u00e9 de 5 \u00e0 6 personnes, c&rsquo;est l&rsquo;alli\u00e9 id\u00e9al des soir\u00e9es r\u00e9ussies![\/vc_column_text][vc_empty_space height=\u00a0\u00bb53px\u00a0\u00bb][\/vc_column][\/vc_row][vc_row row_type=\u00a0\u00bbrow\u00a0\u00bb use_row_as_full_screen_section=\u00a0\u00bbno\u00a0\u00bb type=\u00a0\u00bbfull_width\u00a0\u00bb header_style=\u00a0\u00bblight\u00a0\u00bb anchor=\u00a0\u00bbintro\u00a0\u00bb angled_section=\u00a0\u00bbno\u00a0\u00bb text_align=\u00a0\u00bbleft\u00a0\u00bb background_image=\u00a0\u00bb145&Prime; background_image_as_pattern=\u00a0\u00bbwithout_pattern\u00a0\u00bb css_animation=\u00a0\u00bbelement_from_fade\u00a0\u00bb transition_delay=\u00a0\u00bb5&Prime; el_id=\u00a0\u00bbvueeclatee\u00a0\u00bb][vc_column offset=\u00a0\u00bbvc_col-lg-offset-0 vc_col-md-offset-0 vc_col-sm-offset-0&Prime;][qode_elements_holder number_of_columns=\u00a0\u00bbone_column\u00a0\u00bb][qode_elements_holder_item item_padding=\u00a0\u00bb0 0 0 0&Prime; advanced_animations=\u00a0\u00bbno\u00a0\u00bb][vc_single_image image=\u00a0\u00bb218&Prime; img_size=\u00a0\u00bbfull\u00a0\u00bb alignment=\u00a0\u00bbcenter\u00a0\u00bb qode_css_animation=\u00a0\u00bb\u00a0\u00bb][\/qode_elements_holder_item][\/qode_elements_holder][\/vc_column][\/vc_row][vc_row row_type=\u00a0\u00bbrow\u00a0\u00bb use_row_as_full_screen_section=\u00a0\u00bbno\u00a0\u00bb type=\u00a0\u00bbfull_width\u00a0\u00bb header_style=\u00a0\u00bblight\u00a0\u00bb anchor=\u00a0\u00bbintro\u00a0\u00bb angled_section=\u00a0\u00bbno\u00a0\u00bb text_align=\u00a0\u00bbleft\u00a0\u00bb background_image_as_pattern=\u00a0\u00bbwithout_pattern\u00a0\u00bb css_animation=\u00a0\u00bb\u00a0\u00bb el_id=\u00a0\u00bbcuisson\u00a0\u00bb][vc_column][qode_elements_holder number_of_columns=\u00a0\u00bbtwo_columns\u00a0\u00bb][qode_elements_holder_item item_padding=\u00a0\u00bb20% 0 20% 5%\u00a0\u00bb vertical_alignment=\u00a0\u00bbmiddle\u00a0\u00bb advanced_animations=\u00a0\u00bbno\u00a0\u00bb][vc_column_text]<\/p>\n<h3 style=\"text-align: center;\">Contr\u00f4ler la cuisson<\/h3>\n<p>[\/vc_column_text][vc_empty_space height=\u00a0\u00bb33px\u00a0\u00bb][vc_column_text]<\/p>\n<h4 style=\"text-align: center;\">Gr\u00e2ce \u00e0 son <span style=\"color: #ff0000;\">syst\u00e8me de ventilation<\/span>, <span style=\"color: #ff0000;\">3 minutes<\/span> suffisent pour que le Barbecute soit pr\u00eat \u00e0 cuir.<\/h4>\n<h4 style=\"text-align: center;\">Selon le type de grillades \u00e0 r\u00e9aliser, vous pouvez <span style=\"color: #ff0000;\">r\u00e9gler la temp\u00e9rature<\/span> et ainsi ma\u00eetriser la cuisson \u00e0 l\u2019aide du <span style=\"color: #ff0000;\">thermostat r\u00e9glable.<\/span><\/h4>\n<p>[\/vc_column_text][vc_empty_space height=\u00a0\u00bb46px\u00a0\u00bb][vc_column_text]<\/p>\n<h4 style=\"text-align: center;\"><strong><span style=\"color: #527abb;\">L\u2019air ambiant est ventil\u00e9 puis transform\u00e9 en source de chaleur<\/span><\/strong><\/h4>\n<h4 style=\"text-align: center;\"><strong><span style=\"color: #527abb;\"><span style=\"color: #ff0000;\">puis<\/span><\/span><span style=\"color: #ff0000;\"> transform\u00e9 en source de chaleur<\/span><\/strong><\/h4>\n<p>[\/vc_column_text][\/qode_elements_holder_item][qode_elements_holder_item item_padding=\u00a0\u00bb20% 0 20% 0&Prime; vertical_alignment=\u00a0\u00bbmiddle\u00a0\u00bb advanced_animations=\u00a0\u00bbno\u00a0\u00bb][vc_empty_space height=\u00a0\u00bb45px\u00a0\u00bb][vc_single_image image=\u00a0\u00bb157&Prime; img_size=\u00a0\u00bbfull\u00a0\u00bb qode_css_animation=\u00a0\u00bb\u00a0\u00bb qode_hover_animation=\u00a0\u00bbzoom_in\u00a0\u00bb][\/qode_elements_holder_item][\/qode_elements_holder][\/vc_column][\/vc_row][vc_row row_type=\u00a0\u00bbparallax\u00a0\u00bb header_style=\u00a0\u00bblight\u00a0\u00bb parallax_content_width=\u00a0\u00bbfull_width\u00a0\u00bb anchor=\u00a0\u00bbintro\u00a0\u00bb text_align=\u00a0\u00bbleft\u00a0\u00bb background_image=\u00a0\u00bb159&Prime; full_screen_section_height=\u00a0\u00bbyes\u00a0\u00bb vertically_align_content_in_middle=\u00a0\u00bbyes\u00a0\u00bb parallax_speed=\u00a0\u00bb2&Prime; el_id=\u00a0\u00bbyoutube\u00a0\u00bb][vc_column][qode_elements_holder number_of_columns=\u00a0\u00bbone_column\u00a0\u00bb][qode_elements_holder_item item_padding=\u00a0\u00bb0 0 0 0&Prime; vertical_alignment=\u00a0\u00bbmiddle\u00a0\u00bb advanced_animations=\u00a0\u00bbno\u00a0\u00bb][vc_video link=\u00a0\u00bbhttps:\/\/www.youtube.com\/watch?v=4o0rWhrKy28&amp;feature=youtu.be\u00a0\u00bb el_width=\u00a0\u00bb80&Prime; align=\u00a0\u00bbcenter\u00a0\u00bb][\/qode_elements_holder_item][\/qode_elements_holder][\/vc_column][\/vc_row][vc_row row_type=\u00a0\u00bbrow\u00a0\u00bb use_row_as_full_screen_section=\u00a0\u00bbno\u00a0\u00bb type=\u00a0\u00bbgrid\u00a0\u00bb header_style=\u00a0\u00bblight\u00a0\u00bb anchor=\u00a0\u00bbpricing\u00a0\u00bb angled_section=\u00a0\u00bbno\u00a0\u00bb text_align=\u00a0\u00bbcenter\u00a0\u00bb background_image_as_pattern=\u00a0\u00bbwithout_pattern\u00a0\u00bb css_animation=\u00a0\u00bb\u00a0\u00bb css=\u00a0\u00bb.vc_custom_1466604821704{padding-top: 124px !important;}\u00a0\u00bb el_id=\u00a0\u00bbgamme\u00a0\u00bb][vc_column][vc_column_text]<\/p>\n<h3>Notre gamme<\/h3>\n<p>[\/vc_column_text][vc_empty_space height=\u00a0\u00bb23px\u00a0\u00bb][vc_column_text]<\/p>\n<h4>D\u00e9couvrez notre gamme compl\u00e8te Barbecute<\/h4>\n<p>[\/vc_column_text][\/vc_column][\/vc_row][vc_row row_type=\u00a0\u00bbrow\u00a0\u00bb use_row_as_full_screen_section=\u00a0\u00bbno\u00a0\u00bb type=\u00a0\u00bbgrid\u00a0\u00bb header_style=\u00a0\u00bblight\u00a0\u00bb angled_section=\u00a0\u00bbno\u00a0\u00bb text_align=\u00a0\u00bbleft\u00a0\u00bb background_image_as_pattern=\u00a0\u00bbwithout_pattern\u00a0\u00bb css_animation=\u00a0\u00bb\u00a0\u00bb css=\u00a0\u00bb.vc_custom_1466604832458{padding-top: 56px !important;padding-bottom: 145px !important;}\u00a0\u00bb][vc_column][qode_pricing_tables columns=\u00a0\u00bbthree_columns\u00a0\u00bb][qode_pricing_table type=\u00a0\u00bbadvanced\u00a0\u00bb title=\u00a0\u00bbNomade\u00a0\u00bb subtitle=\u00a0\u00bbBarbecute\u00a0\u00bb short_info=\u00a0\u00bbL&rsquo;alli\u00e9 id\u00e9al des barbecues r\u00e9ussis!\u00a0\u00bb show_button=\u00a0\u00bbno\u00a0\u00bb image=\u00a0\u00bb173&Prime; price=\u00a0\u00bb169&Prime; currency=\u00a0\u00bb\u20ac\u00a0\u00bb price_period=\u00a0\u00bbDisponible en plusieurs coloris\u00a0\u00bb]<\/p>\n<ul>\n<li>Chauffe en 3 minutes<\/li>\n<li>Grille de 30cm<\/li>\n<li>Cuisson saine<\/li>\n<li>Fonctionne \u00e0 piles<\/li>\n<li>5 \u00e0 6 personnes<\/li>\n<\/ul>\n<p>[\/qode_pricing_table][qode_pricing_table type=\u00a0\u00bbadvanced\u00a0\u00bb title=\u00a0\u00bbSac de transport\u00a0\u00bb subtitle=\u00a0\u00bbSCH10&Prime; short_info=\u00a0\u00bbPour pouvoir l&#8217;emporter partout!\u00a0\u00bb additional_info=\u00a0\u00bbLa housse de transport est fournie pour tout achat d&rsquo;un barbecute\u00a0\u00bb show_button=\u00a0\u00bbno\u00a0\u00bb image=\u00a0\u00bb204&Prime; price=\u00a0\u00bb19&Prime; currency=\u00a0\u00bb\u20ac\u00a0\u00bb price_period=\u00a0\u00bbAccessoires de rechange\u00a0\u00bb]<\/p>\n<ul>\n<li>Housse en tissu<\/li>\n<li>R\u00e9sistante<\/li>\n<li>Pratique<\/li>\n<li>Prot\u00e8ge l&rsquo;appareil<\/li>\n<li>Poign\u00e9e int\u00e9gr\u00e9e<\/li>\n<\/ul>\n<p>[\/qode_pricing_table][qode_pricing_table type=\u00a0\u00bbadvanced\u00a0\u00bb title=\u00a0\u00bbAccessoires\u00a0\u00bb subtitle=\u00a0\u00bbSBC7&Prime; short_info=\u00a0\u00bbLes accessoires indispensable!\u00a0\u00bb show_button=\u00a0\u00bbno\u00a0\u00bb image=\u00a0\u00bb174&Prime; price=\u00a0\u00bb49&Prime; currency=\u00a0\u00bb\u20ac\u00a0\u00bb price_period=\u00a0\u00bbPack accessoires\u00a0\u00bb]<\/p>\n<ul>\n<li>Fourchette de 42 cm<\/li>\n<li>Pince de 42 cm<\/li>\n<li>Spatule de 42 cm<\/li>\n<li>4 Pic \u00e0 brochette de 43 cm<\/li>\n<li>Housse de transport<\/li>\n<\/ul>\n<p>[\/qode_pricing_table][\/qode_pricing_tables][\/vc_column][\/vc_row][vc_row row_type=\u00a0\u00bbparallax\u00a0\u00bb header_style=\u00a0\u00bblight\u00a0\u00bb parallax_content_width=\u00a0\u00bbfull_width\u00a0\u00bb anchor=\u00a0\u00bbintro\u00a0\u00bb text_align=\u00a0\u00bbcenter\u00a0\u00bb background_image=\u00a0\u00bb196&Prime; full_screen_section_height=\u00a0\u00bbyes\u00a0\u00bb vertically_align_content_in_middle=\u00a0\u00bbyes\u00a0\u00bb parallax_speed=\u00a0\u00bb2&Prime;][vc_column][vc_gallery type=\u00a0\u00bbimage_grid\u00a0\u00bb images=\u00a0\u00bb210,211,212,213,214,215&Prime; img_size=\u00a0\u00bbfull\u00a0\u00bb column_number=\u00a0\u00bb3&Prime; grayscale=\u00a0\u00bbno\u00a0\u00bb images_space=\u00a0\u00bbgallery_without_space\u00a0\u00bb][\/vc_column][\/vc_row][vc_row row_type=\u00a0\u00bbrow\u00a0\u00bb use_row_as_full_screen_section=\u00a0\u00bbno\u00a0\u00bb type=\u00a0\u00bbfull_width\u00a0\u00bb header_style=\u00a0\u00bblight\u00a0\u00bb angled_section=\u00a0\u00bbno\u00a0\u00bb text_align=\u00a0\u00bbleft\u00a0\u00bb background_image_as_pattern=\u00a0\u00bbwithout_pattern\u00a0\u00bb css_animation=\u00a0\u00bb\u00a0\u00bb][vc_column][vc_column_text]<\/p>\n<p style=\"text-align: center;\"><a href=\"http:\/\/barbecute.fr\/index.php\/mentions-legales-conditions-generales-d-utilisation\/\">Mentions l\u00e9gales &amp; GCU<\/a><\/p>\n<p style=\"text-align: center;\">Copyright Barbecute 2016<\/p>\n<p>[\/vc_column_text][\/vc_column][\/vc_row]<\/p>\n","protected":false},"excerpt":{"rendered":"<p>[vc_row row_type=\u00a0\u00bbrow\u00a0\u00bb use_row_as_full_screen_section=\u00a0\u00bbyes\u00a0\u00bb type=\u00a0\u00bbfull_width\u00a0\u00bb header_style=\u00a0\u00bblight\u00a0\u00bb anchor=\u00a0\u00bbintro\u00a0\u00bb angled_section=\u00a0\u00bbno\u00a0\u00bb text_align=\u00a0\u00bbleft\u00a0\u00bb background_image=\u00a0\u00bb142&Prime; background_image_as_pattern=\u00a0\u00bbwithout_pattern\u00a0\u00bb css_animation=\u00a0\u00bb\u00a0\u00bb el_id=\u00a0\u00bbIntro\u00a0\u00bb][vc_column][qode_elements_holder number_of_columns=\u00a0\u00bbone_column\u00a0\u00bb][qode_elements_holder_item item_padding=\u00a0\u00bb0 0 5% 0&Prime; vertical_alignment=\u00a0\u00bbmiddle\u00a0\u00bb advanced_animations=\u00a0\u00bbno\u00a0\u00bb][vc_empty_space height=\u00a0\u00bb75px\u00a0\u00bb][vc_single_image image=\u00a0\u00bb162&Prime; img_size=\u00a0\u00bbfull\u00a0\u00bb alignment=\u00a0\u00bbcenter\u00a0\u00bb qode_css_animation=\u00a0\u00bbelement_from_top\u00a0\u00bb transition_delay=\u00a0\u00bb2&Prime;][vc_empty_space height=\u00a0\u00bb33px\u00a0\u00bb][vc_single_image image=\u00a0\u00bb164&Prime; img_size=\u00a0\u00bbfull\u00a0\u00bb alignment=\u00a0\u00bbcenter\u00a0\u00bb qode_css_animation=\u00a0\u00bbelement_from_bottom\u00a0\u00bb transition_delay=\u00a0\u00bb2&Prime;][vc_empty_space height=\u00a0\u00bb300px\u00a0\u00bb][\/qode_elements_holder_item][\/qode_elements_holder][\/vc_column][\/vc_row][vc_row row_type=\u00a0\u00bbrow\u00a0\u00bb use_row_as_full_screen_section=\u00a0\u00bbno\u00a0\u00bb type=\u00a0\u00bbgrid\u00a0\u00bb header_style=\u00a0\u00bblight\u00a0\u00bb anchor=\u00a0\u00bbfeatures\u00a0\u00bb angled_section=\u00a0\u00bbno\u00a0\u00bb text_align=\u00a0\u00bbcenter\u00a0\u00bb background_image_as_pattern=\u00a0\u00bbwithout_pattern\u00a0\u00bb css_animation=\u00a0\u00bb\u00a0\u00bb css=\u00a0\u00bb.vc_custom_1466604774537{padding-top: 124px !important;}\u00a0\u00bb el_id=\u00a0\u00bbavantages\u00a0\u00bb][vc_column][vc_column_text]&#8230;<\/p>\n","protected":false},"author":1,"featured_media":0,"parent":0,"menu_order":0,"comment_status":"closed","ping_status":"closed","template":"full_width.php","meta":{"jetpack_post_was_ever_published":false},"yoast_head":"<!-- This site is optimized with the Yoast SEO plugin v20.1 - https:\/\/yoast.com\/wordpress\/plugins\/seo\/ -->\n<title>Bienvenue sur Barbecute - Le barbecue nomade - Barbecute.fr<\/title>\n<meta name=\"description\" content=\"Barbecute est un nouveau concept de barbecue nomade! Barbecue \u00e0 charbon vous pourrez l&#039;emmener partout pour vos piques niques ou vos soir\u00e9es entres amis!\" \/>\n<meta name=\"robots\" content=\"index, follow, max-snippet:-1, max-image-preview:large, max-video-preview:-1\" \/>\n<link rel=\"canonical\" href=\"https:\/\/barbecute.fr\/\" \/>\n<meta property=\"og:locale\" content=\"fr_FR\" \/>\n<meta property=\"og:type\" content=\"article\" \/>\n<meta property=\"og:title\" content=\"Bienvenue sur Barbecute - Le barbecue nomade - Barbecute.fr\" \/>\n<meta property=\"og:description\" content=\"Barbecute est un nouveau concept de barbecue nomade! Barbecue \u00e0 charbon vous pourrez l&#039;emmener partout pour vos piques niques ou vos soir\u00e9es entres amis!\" \/>\n<meta property=\"og:url\" content=\"https:\/\/barbecute.fr\/\" \/>\n<meta property=\"og:site_name\" content=\"Barbecute\" \/>\n<meta property=\"article:modified_time\" content=\"2016-06-29T00:00:28+00:00\" \/>\n<meta name=\"twitter:card\" content=\"summary_large_image\" \/>\n<meta name=\"twitter:label1\" content=\"Dur\u00e9e de lecture estim\u00e9e\" \/>\n\t<meta name=\"twitter:data1\" content=\"6 minutes\" \/>\n<script type=\"application\/ld+json\" class=\"yoast-schema-graph\">{\"@context\":\"https:\/\/schema.org\",\"@graph\":[{\"@type\":\"WebPage\",\"@id\":\"https:\/\/barbecute.fr\/\",\"url\":\"https:\/\/barbecute.fr\/\",\"name\":\"Bienvenue sur Barbecute - Le barbecue nomade - Barbecute.fr\",\"isPartOf\":{\"@id\":\"https:\/\/barbecute.fr\/#website\"},\"datePublished\":\"2016-06-01T09:01:39+00:00\",\"dateModified\":\"2016-06-29T00:00:28+00:00\",\"description\":\"Barbecute est un nouveau concept de barbecue nomade! Barbecue \u00e0 charbon vous pourrez l'emmener partout pour vos piques niques ou vos soir\u00e9es entres amis!\",\"breadcrumb\":{\"@id\":\"https:\/\/barbecute.fr\/#breadcrumb\"},\"inLanguage\":\"fr-FR\",\"potentialAction\":[{\"@type\":\"ReadAction\",\"target\":[\"https:\/\/barbecute.fr\/\"]}]},{\"@type\":\"BreadcrumbList\",\"@id\":\"https:\/\/barbecute.fr\/#breadcrumb\",\"itemListElement\":[{\"@type\":\"ListItem\",\"position\":1,\"name\":\"Accueil\",\"item\":\"https:\/\/barbecute.fr\/\"},{\"@type\":\"ListItem\",\"position\":2,\"name\":\"Home\"}]},{\"@type\":\"WebSite\",\"@id\":\"https:\/\/barbecute.fr\/#website\",\"url\":\"https:\/\/barbecute.fr\/\",\"name\":\"Barbecute\",\"description\":\"Original, rapide, compact et pratique!\",\"potentialAction\":[{\"@type\":\"SearchAction\",\"target\":{\"@type\":\"EntryPoint\",\"urlTemplate\":\"https:\/\/barbecute.fr\/?s={search_term_string}\"},\"query-input\":\"required name=search_term_string\"}],\"inLanguage\":\"fr-FR\"}]}<\/script>\n<!-- \/ Yoast SEO plugin. -->","yoast_head_json":{"title":"Bienvenue sur Barbecute - Le barbecue nomade - Barbecute.fr","description":"Barbecute est un nouveau concept de barbecue nomade! Barbecue \u00e0 charbon vous pourrez l'emmener partout pour vos piques niques ou vos soir\u00e9es entres amis!","robots":{"index":"index","follow":"follow","max-snippet":"max-snippet:-1","max-image-preview":"max-image-preview:large","max-video-preview":"max-video-preview:-1"},"canonical":"https:\/\/barbecute.fr\/","og_locale":"fr_FR","og_type":"article","og_title":"Bienvenue sur Barbecute - Le barbecue nomade - Barbecute.fr","og_description":"Barbecute est un nouveau concept de barbecue nomade! Barbecue \u00e0 charbon vous pourrez l'emmener partout pour vos piques niques ou vos soir\u00e9es entres amis!","og_url":"https:\/\/barbecute.fr\/","og_site_name":"Barbecute","article_modified_time":"2016-06-29T00:00:28+00:00","twitter_card":"summary_large_image","twitter_misc":{"Dur\u00e9e de lecture estim\u00e9e":"6 minutes"},"schema":{"@context":"https:\/\/schema.org","@graph":[{"@type":"WebPage","@id":"https:\/\/barbecute.fr\/","url":"https:\/\/barbecute.fr\/","name":"Bienvenue sur Barbecute - Le barbecue nomade - Barbecute.fr","isPartOf":{"@id":"https:\/\/barbecute.fr\/#website"},"datePublished":"2016-06-01T09:01:39+00:00","dateModified":"2016-06-29T00:00:28+00:00","description":"Barbecute est un nouveau concept de barbecue nomade! Barbecue \u00e0 charbon vous pourrez l'emmener partout pour vos piques niques ou vos soir\u00e9es entres amis!","breadcrumb":{"@id":"https:\/\/barbecute.fr\/#breadcrumb"},"inLanguage":"fr-FR","potentialAction":[{"@type":"ReadAction","target":["https:\/\/barbecute.fr\/"]}]},{"@type":"BreadcrumbList","@id":"https:\/\/barbecute.fr\/#breadcrumb","itemListElement":[{"@type":"ListItem","position":1,"name":"Accueil","item":"https:\/\/barbecute.fr\/"},{"@type":"ListItem","position":2,"name":"Home"}]},{"@type":"WebSite","@id":"https:\/\/barbecute.fr\/#website","url":"https:\/\/barbecute.fr\/","name":"Barbecute","description":"Original, rapide, compact et pratique!","potentialAction":[{"@type":"SearchAction","target":{"@type":"EntryPoint","urlTemplate":"https:\/\/barbecute.fr\/?s={search_term_string}"},"query-input":"required name=search_term_string"}],"inLanguage":"fr-FR"}]}},"jetpack_sharing_enabled":true,"jetpack_shortlink":"https:\/\/wp.me\/P7F0M6-5","jetpack-related-posts":[],"_links":{"self":[{"href":"https:\/\/barbecute.fr\/index.php\/wp-json\/wp\/v2\/pages\/5"}],"collection":[{"href":"https:\/\/barbecute.fr\/index.php\/wp-json\/wp\/v2\/pages"}],"about":[{"href":"https:\/\/barbecute.fr\/index.php\/wp-json\/wp\/v2\/types\/page"}],"author":[{"embeddable":true,"href":"https:\/\/barbecute.fr\/index.php\/wp-json\/wp\/v2\/users\/1"}],"replies":[{"embeddable":true,"href":"https:\/\/barbecute.fr\/index.php\/wp-json\/wp\/v2\/comments?post=5"}],"version-history":[{"count":36,"href":"https:\/\/barbecute.fr\/index.php\/wp-json\/wp\/v2\/pages\/5\/revisions"}],"predecessor-version":[{"id":242,"href":"https:\/\/barbecute.fr\/index.php\/wp-json\/wp\/v2\/pages\/5\/revisions\/242"}],"wp:attachment":[{"href":"https:\/\/barbecute.fr\/index.php\/wp-json\/wp\/v2\/media?parent=5"}],"curies":[{"name":"wp","href":"https:\/\/api.w.org\/{rel}","templated":true}]}}